{"id":15,"date":"2025-04-27T04:57:01","date_gmt":"2025-04-27T04:57:01","guid":{"rendered":"https:\/\/themexriver.com\/wp\/cargozen\/?page_id=15"},"modified":"2025-08-22T21:16:26","modified_gmt":"2025-08-22T21:16:26","slug":"contacto","status":"publish","type":"page","link":"https:\/\/logistica-universal.com\/en\/contacto\/","title":{"rendered":"Contact"},"content":{"rendered":"<div data-elementor-type=\"wp-page\" data-elementor-id=\"15\" class=\"elementor elementor-15\">\n\t\t\t\t\t\t<section class=\"elementor-section elementor-top-section elementor-element elementor-element-cfc6170 elementor-section-full_width elementor-section-height-default elementor-section-height-default\" data-id=\"cfc6170\" data-element_type=\"section\" data-e-type=\"section\" data-settings=\"{&quot;background_background&quot;:&quot;classic&quot;}\">\n\t\t\t\t\t\t<div class=\"elementor-container elementor-column-gap-no\">\n\t\t\t\t\t<div class=\"elementor-column elementor-col-100 elementor-top-column elementor-element elementor-element-0277612\" data-id=\"0277612\" data-element_type=\"column\" data-e-type=\"column\">\n\t\t\t<div class=\"elementor-widget-wrap elementor-element-populated\">\n\t\t\t\t\t\t<div class=\"elementor-element elementor-element-b1b72c0 elementor-widget elementor-widget-go-ct-form\" data-id=\"b1b72c0\" data-element_type=\"widget\" data-e-type=\"widget\" data-widget_type=\"go-ct-form.default\">\n\t\t\t\t<div class=\"elementor-widget-container\">\n\t\t\t\t\t<section id=\"cg-quote1\" class=\"cg-quote1-sec position-relative\">\n            <span class=\"quote1-plane plane_land position-absolute\">\n            <img decoding=\"async\" src=\"https:\/\/themexriver.com\/wp\/cargozen\/wp-content\/uploads\/2025\/04\/plane.svg\" alt=\"List\">\n        <\/span>\n                <div class=\"cg-qt-bg img-parallax position-absolute\">\n            <img decoding=\"async\" src=\"https:\/\/themexriver.com\/wp\/cargozen\/wp-content\/uploads\/2025\/04\/qt-bg.webp\" alt=\"List\">\n        <\/div>\n        <div class=\"container\">\n        <div class=\"cg-quote1-content\">\n            <div class=\"cg-quote1-text pera-content\">\n                <div class=\"cg-sec-title headline\">\n                                            <div class=\"subtitle cg-sub-tilte cg-sub-anim\">\n                            Request a personalized quote                        <\/div>\n                                        <h1 class=\"elementor-gt-heading sec_title cg-sec-title cg-has-anim\">Complete transport and storage solutions<\/h1>                                            <p>Complete the form with your shipment details and one of our specialists will contact you with a customized, no-obligation proposal.<\/p>\n                                    <\/div>\n                                    <div class=\"cg-qt-cta mt-20 mb-30\">\n                        <a href=\"tel:+54 11 5273-9888\"><i class=\"fa-solid fa-phone\"><\/i> +54 11 5273-9888<\/a>\n                    <\/div>\n                                            <\/div>\n            <div class=\"cg-quote1-form headline\">\n                                    <h3>Get a quote for your operation in simple steps<\/h3>\n                                \n<div class=\"wpcf7 no-js\" id=\"wpcf7-f308-o1\" lang=\"en-US\" dir=\"ltr\" data-wpcf7-id=\"308\">\n<div class=\"screen-reader-response\"><p role=\"status\" aria-live=\"polite\" aria-atomic=\"true\"><\/p> <ul><\/ul><\/div>\n<form action=\"\/en\/wp-json\/wp\/v2\/pages\/15#wpcf7-f308-o1\" method=\"post\" class=\"wpcf7-form init\" aria-label=\"Contact form\" novalidate=\"novalidate\" data-status=\"init\" data-trp-original-action=\"\/en\/wp-json\/wp\/v2\/pages\/15#wpcf7-f308-o1\">\n<fieldset class=\"hidden-fields-container\"><input type=\"hidden\" name=\"_wpcf7\" value=\"308\" \/><input type=\"hidden\" name=\"_wpcf7_version\" value=\"6.1.5\" \/><input type=\"hidden\" name=\"_wpcf7_locale\" value=\"en_US\" \/><input type=\"hidden\" name=\"_wpcf7_unit_tag\" value=\"wpcf7-f308-o1\" \/><input type=\"hidden\" name=\"_wpcf7_container_post\" value=\"0\" \/><input type=\"hidden\" name=\"_wpcf7_posted_data_hash\" value=\"\" \/>\n<\/fieldset>\n<div class=\"row\">\n\t<div class=\"col-md-12\">\n\t\t<label>Personal information<\/label>\n                  <input size=\"40\" maxlength=\"400\" class=\"wpcf7-form-control wpcf7-text\" aria-invalid=\"false\" placeholder=\"Your name\" value=\"\" type=\"text\" name=\"nombre\" \/>\n\t<\/div>\n\t<div class=\"col-md-6\">\n<input size=\"40\" maxlength=\"400\" class=\"wpcf7-form-control wpcf7-email wpcf7-validates-as-required wpcf7-text wpcf7-validates-as-email\" autocomplete=\"email\" aria-required=\"true\" aria-invalid=\"false\" placeholder=\"Your email\" value=\"\" type=\"email\" name=\"email\" \/>\n\n\t<\/div>\n\t<div class=\"col-md-6\">\n\t\t<input size=\"40\" maxlength=\"400\" class=\"wpcf7-form-control wpcf7-text\" aria-invalid=\"false\" placeholder=\"Your phone\" value=\"\" type=\"text\" name=\"telefono\" \/>\n\t<\/div>\n\n<div class=\"col-md-12\">\n\t\t<label>Pa\u00eds<\/label>\n<div class=\"qt-select-option\">\n<select class=\"wpcf7-form-control wpcf7-select wpcf7-validates-as-required\" aria-required=\"true\" aria-invalid=\"false\" name=\"pais\"><option value=\"\">&#8212;Please choose an option&#8212;<\/option><option value=\"Argentina\">Argentina<\/option><option value=\"Uruguay\">Uruguay<\/option><option value=\"Chile\">Chile<\/option><option value=\"Paraguay\">Paraguay<\/option><option value=\"Brasil\">Brasil<\/option><option value=\"Bolivia\">Bolivia<\/option><option value=\"Per\u00fa\">Per\u00fa<\/option><option value=\"Colombia\">Colombia<\/option><option value=\"M\u00e9xico\">M\u00e9xico<\/option><option value=\"Espa\u00f1a\">Espa\u00f1a<\/option><option value=\"Estados Unidos\">Estados Unidos<\/option><option value=\"Otro\">Otro<\/option><\/select>\n\n<\/div>\n\n\t<div class=\"col-md-12\">\n\t\t<label>Type of query<\/label>\n\t\t<div class=\"qt-select-option\">\n                       <select class=\"wpcf7-form-control wpcf7-select\" aria-invalid=\"false\" name=\"select-702\"><option value=\"Transporte de Mercanc\u00edas Mar\u00edtimo\">Maritime Freight Transport<\/option><option value=\"Transporte de Mercanc\u00edas A\u00e9reo\">Air Freight Transport<\/option><option value=\"Despacho de Importaci\u00f3n\">Import Clearance<\/option><option value=\"Servicio de Seguro\">Insurance Service<\/option><\/select>\n\t\t<\/div>\n\t<\/div>\n\t\n\t<div class=\"col-md-12\">\n\t\t<button>Get a quote<\/button>\n\t<\/div>\n<\/div><div class=\"wpcf7-response-output\" aria-hidden=\"true\"><\/div>\n<input type=\"hidden\" name=\"trp-form-language\" value=\"en\"\/><\/form>\n<\/div>\n            <\/div>\n        <\/div>\n    <\/div>\n<\/section>\t\t\t\t<\/div>\n\t\t\t\t<\/div>\n\t\t\t\t\t<\/div>\n\t\t<\/div>\n\t\t\t\t\t<\/div>\n\t\t<\/section>\n\t\t\t\t<section class=\"elementor-section elementor-top-section elementor-element elementor-element-6cf107b elementor-section-full_width elementor-section-height-default elementor-section-height-default\" data-id=\"6cf107b\" data-element_type=\"section\" data-e-type=\"section\">\n\t\t\t\t\t\t<div class=\"elementor-container elementor-column-gap-no\">\n\t\t\t\t\t<div class=\"elementor-column elementor-col-100 elementor-top-column elementor-element elementor-element-311ce44\" data-id=\"311ce44\" data-element_type=\"column\" data-e-type=\"column\">\n\t\t\t<div class=\"elementor-widget-wrap elementor-element-populated\">\n\t\t\t\t\t\t<div class=\"elementor-element elementor-element-c78253f elementor-widget elementor-widget-google_maps\" data-id=\"c78253f\" data-element_type=\"widget\" data-e-type=\"widget\" data-widget_type=\"google_maps.default\">\n\t\t\t\t\t\t\t<div class=\"elementor-custom-embed\">\n\t\t\t<iframe loading=\"lazy\"\n\t\t\t\t\tsrc=\"https:\/\/maps.google.com\/maps?q=Per%C3%BA%20345%2C%20C1067AAG%20Cdad.%20Aut%C3%B3noma%20de%20Buenos%20Aires&#038;t=m&#038;z=15&#038;output=embed&#038;iwloc=near\"\n\t\t\t\t\ttitle=\"Per\u00fa 345, C1067AAG Autonomous City of Buenos Aires\"\n\t\t\t\t\taria-label=\"Per\u00fa 345, C1067AAG Autonomous City of Buenos Aires\"\n\t\t\t><\/iframe>\n\t\t<\/div>\n\t\t\t\t\t\t<\/div>\n\t\t\t\t\t<\/div>\n\t\t<\/div>\n\t\t\t\t\t<\/div>\n\t\t<\/section>\n\t\t\t\t<\/div>","protected":false},"excerpt":{"rendered":"<p>Solicit\u00e1 una cotizaci\u00f3n personalizada Soluciones completas de transporte y almacenamiento Complet\u00e1 el formulario con los datos de tu env\u00edo y uno de nuestros especialistas se pondr\u00e1 en contacto para brindarte una propuesta a medida, sin compromiso. +54 11 5273-9888 Cotiz\u00e1 tu operaci\u00f3n en simples pasos Informaci\u00f3n personal Pa\u00eds &#8212;Please choose an option&#8212;ArgentinaUruguayChileParaguayBrasilBoliviaPer\u00faColombiaM\u00e9xicoEspa\u00f1aEstados UnidosOtro Tipo de [&hellip;]<\/p>\n","protected":false},"author":1,"featured_media":0,"parent":0,"menu_order":0,"comment_status":"closed","ping_status":"closed","template":"elementor_header_footer","meta":{"footnotes":""},"class_list":["post-15","page","type-page","status-publish","hentry"],"_links":{"self":[{"href":"https:\/\/logistica-universal.com\/en\/wp-json\/wp\/v2\/pages\/15","targetHints":{"allow":["GET"]}}],"collection":[{"href":"https:\/\/logistica-universal.com\/en\/wp-json\/wp\/v2\/pages"}],"about":[{"href":"https:\/\/logistica-universal.com\/en\/wp-json\/wp\/v2\/types\/page"}],"author":[{"embeddable":true,"href":"https:\/\/logistica-universal.com\/en\/wp-json\/wp\/v2\/users\/1"}],"replies":[{"embeddable":true,"href":"https:\/\/logistica-universal.com\/en\/wp-json\/wp\/v2\/comments?post=15"}],"version-history":[{"count":0,"href":"https:\/\/logistica-universal.com\/en\/wp-json\/wp\/v2\/pages\/15\/revisions"}],"wp:attachment":[{"href":"https:\/\/logistica-universal.com\/en\/wp-json\/wp\/v2\/media?parent=15"}],"curies":[{"name":"wp","href":"https:\/\/api.w.org\/{rel}","templated":true}]}}