{"id":1507,"date":"2025-05-08T10:54:20","date_gmt":"2025-05-08T10:54:20","guid":{"rendered":"https:\/\/themexriver.com\/wp\/cargozen\/?page_id=1507"},"modified":"2025-08-26T11:13:40","modified_gmt":"2025-08-26T11:13:40","slug":"clientes","status":"publish","type":"page","link":"https:\/\/logistica-universal.com\/en\/clientes\/","title":{"rendered":"Customers"},"content":{"rendered":"\t\t<div data-elementor-type=\"wp-page\" data-elementor-id=\"1507\" class=\"elementor elementor-1507\">\n\t\t\t\t<div class=\"elementor-element elementor-element-f92a81b e-grid e-con-full e-con e-parent\" data-id=\"f92a81b\" data-element_type=\"container\" data-e-type=\"container\" data-settings=\"{&quot;background_background&quot;:&quot;classic&quot;}\">\n\t\t<div class=\"elementor-element elementor-element-fec2269 e-con-full e-flex e-con e-child\" data-id=\"fec2269\" data-element_type=\"container\" data-e-type=\"container\">\n\t\t\t\t<div class=\"elementor-element elementor-element-2ae4788 elementor-widget elementor-widget-elementskit-heading\" data-id=\"2ae4788\" data-element_type=\"widget\" data-e-type=\"widget\" data-widget_type=\"elementskit-heading.default\">\n\t\t\t\t\t<div class=\"ekit-wid-con\" ><div class=\"ekit-heading elementskit-section-title-wraper text_left   ekit_heading_tablet-   ekit_heading_mobile-\"><h2 class=\"ekit-heading--title elementskit-section-title \">Herramientas para <span><span>nuestros clientes<\/span><\/span><\/h2><div class=\"ekit_heading_separetor_wraper ekit_heading_elementskit-border-divider ekit-dotted\"><div class=\"elementskit-border-divider ekit-dotted\"><\/div><\/div><h3 class=\"ekit-heading--subtitle elementskit-section-subtitle  \">\n\t\t\t\t\t\tAcced\u00e9 a recursos \u00fatiles para gestionar tus operaciones log\u00edsticas de forma m\u00e1s \u00e1gil y segura.\n\t\t\t\t\t<\/h3><\/div><\/div>\t\t\t\t<\/div>\n\t\t\t\t<div class=\"elementor-element elementor-element-77bf9f6 elementor-widget elementor-widget-button\" data-id=\"77bf9f6\" data-element_type=\"widget\" data-e-type=\"widget\" data-widget_type=\"button.default\">\n\t\t\t\t\t\t\t\t\t\t<a class=\"elementor-button elementor-button-link elementor-size-sm\" href=\"#herramientas\">\n\t\t\t\t\t\t<span class=\"elementor-button-content-wrapper\">\n\t\t\t\t\t\t<span class=\"elementor-button-icon\">\n\t\t\t\t<i aria-hidden=\"true\" class=\"fas fa-chevron-right\"><\/i>\t\t\t<\/span>\n\t\t\t\t\t\t\t\t\t<span class=\"elementor-button-text\">Ver m\u00e1s<\/span>\n\t\t\t\t\t<\/span>\n\t\t\t\t\t<\/a>\n\t\t\t\t\t\t\t\t<\/div>\n\t\t\t\t<\/div>\n\t\t\t\t<\/div>\n\t\t<div class=\"elementor-element elementor-element-2c4e1fd e-flex e-con-boxed e-con e-parent\" data-id=\"2c4e1fd\" data-element_type=\"container\" data-e-type=\"container\">\n\t\t\t\t\t<div class=\"e-con-inner\">\n\t\t\t\t<div class=\"elementor-element elementor-element-c71e872 elementor-widget elementor-widget-n-accordion\" data-id=\"c71e872\" data-element_type=\"widget\" data-e-type=\"widget\" data-settings=\"{&quot;default_state&quot;:&quot;expanded&quot;,&quot;max_items_expended&quot;:&quot;one&quot;,&quot;n_accordion_animation_duration&quot;:{&quot;unit&quot;:&quot;ms&quot;,&quot;size&quot;:400,&quot;sizes&quot;:[]}}\" data-widget_type=\"nested-accordion.default\">\n\t\t\t\t\t\t\t<div class=\"e-n-accordion\" aria-label=\"Accordion. Open links with Enter or Space, close with Escape, and navigate with Arrow Keys\">\n\t\t\t\t\t\t<details id=\"e-n-accordion-item-2080\" class=\"e-n-accordion-item\" open>\n\t\t\t\t<summary class=\"e-n-accordion-item-title\" data-accordion-index=\"1\" tabindex=\"0\" aria-expanded=\"true\" aria-controls=\"e-n-accordion-item-2080\" >\n\t\t\t\t\t<span class='e-n-accordion-item-title-header'><div class=\"e-n-accordion-item-title-text\"> D\u00f3lar Oficial <\/div><\/span>\n\t\t\t\t\t\t\t<span class='e-n-accordion-item-title-icon'>\n\t\t\t<span class='e-opened' ><i aria-hidden=\"true\" class=\"fas fa-minus\"><\/i><\/span>\n\t\t\t<span class='e-closed'><i aria-hidden=\"true\" class=\"fas fa-plus\"><\/i><\/span>\n\t\t<\/span>\n\n\t\t\t\t\t\t<\/summary>\n\t\t\t\t<div role=\"region\" aria-labelledby=\"e-n-accordion-item-2080\" class=\"elementor-element elementor-element-2303291 e-con-full e-flex e-con e-child\" data-id=\"2303291\" data-element_type=\"container\" data-e-type=\"container\">\n\t\t<div role=\"region\" aria-labelledby=\"e-n-accordion-item-2080\" class=\"elementor-element elementor-element-1af4cee e-flex e-con-boxed e-con e-child\" data-id=\"1af4cee\" data-element_type=\"container\" data-e-type=\"container\">\n\t\t\t\t\t<div class=\"e-con-inner\">\n\t\t\t\t<div class=\"elementor-element elementor-element-a1bc82a elementor-widget elementor-widget-shortcode\" data-id=\"a1bc82a\" data-element_type=\"widget\" data-e-type=\"widget\" data-widget_type=\"shortcode.default\">\n\t\t\t\t\t\t\t<div class=\"elementor-shortcode\">[cda_dolar titulo=\"D\u00f3lar U.S.A \u2013 Banco Naci\u00f3n (CDA)\" cache=\"15\"]<\/div>\n\t\t\t\t\t\t<\/div>\n\t\t\t\t<div class=\"elementor-element elementor-element-ce94874 elementor-widget elementor-widget-heading\" data-id=\"ce94874\" data-element_type=\"widget\" data-e-type=\"widget\" data-widget_type=\"heading.default\">\n\t\t\t\t\t<h4 class=\"elementor-heading-title elementor-size-default\"><a href=\"https:\/\/bna.com.ar\/Personas#divisas\">*Haciendo clic aqu\u00ed tambi\u00e9n puede chequear la cotizaci\u00f3n de divisas en Banco Naci\u00f3n<\/a><\/h4>\t\t\t\t<\/div>\n\t\t\t\t\t<\/div>\n\t\t\t\t<\/div>\n\t\t\t\t<\/div>\n\t\t\t\t\t<\/details>\n\t\t\t\t\t\t<details id=\"e-n-accordion-item-2081\" class=\"e-n-accordion-item\" >\n\t\t\t\t<summary class=\"e-n-accordion-item-title\" data-accordion-index=\"2\" tabindex=\"-1\" aria-expanded=\"false\" aria-controls=\"e-n-accordion-item-2081\" >\n\t\t\t\t\t<span class='e-n-accordion-item-title-header'><div class=\"e-n-accordion-item-title-text\"> D\u00f3lar A\u00e9reo y Mar\u00edtimo <\/div><\/span>\n\t\t\t\t\t\t\t<span class='e-n-accordion-item-title-icon'>\n\t\t\t<span class='e-opened' ><i aria-hidden=\"true\" class=\"fas fa-minus\"><\/i><\/span>\n\t\t\t<span class='e-closed'><i aria-hidden=\"true\" class=\"fas fa-plus\"><\/i><\/span>\n\t\t<\/span>\n\n\t\t\t\t\t\t<\/summary>\n\t\t\t\t<div role=\"region\" aria-labelledby=\"e-n-accordion-item-2081\" class=\"elementor-element elementor-element-85fa1b8 e-con-full e-flex e-con e-child\" data-id=\"85fa1b8\" data-element_type=\"container\" data-e-type=\"container\">\n\t\t<div role=\"region\" aria-labelledby=\"e-n-accordion-item-2081\" class=\"elementor-element elementor-element-ee92057 e-flex e-con-boxed e-con e-child\" data-id=\"ee92057\" data-element_type=\"container\" data-e-type=\"container\">\n\t\t\t\t\t<div class=\"e-con-inner\">\n\t\t\t\t<div class=\"elementor-element elementor-element-b3d787c elementor-widget elementor-widget-agr-btn-one\" data-id=\"b3d787c\" data-element_type=\"widget\" data-e-type=\"widget\" data-widget_type=\"agr-btn-one.default\">\n\t\t\t\t<div class=\"elementor-widget-container\">\n\t\t\t\t\t<div class=\"cg-btn-1 prthalign\">\n    <a href=\"mailto:consultas@logistica-universal.com\" target=\"_blank\" rel=\"nofollow\"><span>Consultar <i class=\"fa-solid fa-check\"><\/i><\/span><\/a>\n<\/div>\t\t\t\t<\/div>\n\t\t\t\t<\/div>\n\t\t\t\t\t<\/div>\n\t\t\t\t<\/div>\n\t\t\t\t<\/div>\n\t\t\t\t\t<\/details>\n\t\t\t\t\t\t<details id=\"e-n-accordion-item-2082\" class=\"e-n-accordion-item\" >\n\t\t\t\t<summary class=\"e-n-accordion-item-title\" data-accordion-index=\"3\" tabindex=\"-1\" aria-expanded=\"false\" aria-controls=\"e-n-accordion-item-2082\" >\n\t\t\t\t\t<span class='e-n-accordion-item-title-header'><div class=\"e-n-accordion-item-title-text\"> Contenedor A\u00e9reo <\/div><\/span>\n\t\t\t\t\t\t\t<span class='e-n-accordion-item-title-icon'>\n\t\t\t<span class='e-opened' ><i aria-hidden=\"true\" class=\"fas fa-minus\"><\/i><\/span>\n\t\t\t<span class='e-closed'><i aria-hidden=\"true\" class=\"fas fa-plus\"><\/i><\/span>\n\t\t<\/span>\n\n\t\t\t\t\t\t<\/summary>\n\t\t\t\t<div role=\"region\" aria-labelledby=\"e-n-accordion-item-2082\" class=\"elementor-element elementor-element-7367c32 e-flex e-con-boxed e-con e-child\" data-id=\"7367c32\" data-element_type=\"container\" data-e-type=\"container\">\n\t\t\t\t\t<div class=\"e-con-inner\">\n\t\t<div role=\"region\" aria-labelledby=\"e-n-accordion-item-2082\" class=\"elementor-element elementor-element-2ed083e e-con-full e-flex e-con e-child\" data-id=\"2ed083e\" data-element_type=\"container\" data-e-type=\"container\">\n\t\t\t\t<div class=\"elementor-element elementor-element-fa38be5 elementor-widget elementor-widget-image\" data-id=\"fa38be5\" data-element_type=\"widget\" data-e-type=\"widget\" data-widget_type=\"image.default\">\n\t\t\t\t\t\t\t\t\t\t\t\t\t\t\t<img fetchpriority=\"high\" decoding=\"async\" width=\"2000\" height=\"2029\" src=\"https:\/\/logistica-universal.com\/wp-content\/uploads\/2025\/07\/contenedores.webp\" class=\"attachment-full size-full wp-image-2484\" alt=\"\" srcset=\"https:\/\/logistica-universal.com\/wp-content\/uploads\/2025\/07\/contenedores.webp 2000w, https:\/\/logistica-universal.com\/wp-content\/uploads\/2025\/07\/contenedores-296x300.webp 296w, https:\/\/logistica-universal.com\/wp-content\/uploads\/2025\/07\/contenedores-1009x1024.webp 1009w, https:\/\/logistica-universal.com\/wp-content\/uploads\/2025\/07\/contenedores-768x779.webp 768w, https:\/\/logistica-universal.com\/wp-content\/uploads\/2025\/07\/contenedores-1514x1536.webp 1514w\" sizes=\"(max-width: 2000px) 100vw, 2000px\" \/>\t\t\t\t\t\t\t\t\t\t\t\t\t\t\t<\/div>\n\t\t\t\t<\/div>\n\t\t\t\t\t<\/div>\n\t\t\t\t<\/div>\n\t\t\t\t\t<\/details>\n\t\t\t\t\t\t<details id=\"e-n-accordion-item-2083\" class=\"e-n-accordion-item\" >\n\t\t\t\t<summary class=\"e-n-accordion-item-title\" data-accordion-index=\"4\" tabindex=\"-1\" aria-expanded=\"false\" aria-controls=\"e-n-accordion-item-2083\" >\n\t\t\t\t\t<span class='e-n-accordion-item-title-header'><div class=\"e-n-accordion-item-title-text\"> Contenedor Mar\u00edtimo <\/div><\/span>\n\t\t\t\t\t\t\t<span class='e-n-accordion-item-title-icon'>\n\t\t\t<span class='e-opened' ><i aria-hidden=\"true\" class=\"fas fa-minus\"><\/i><\/span>\n\t\t\t<span class='e-closed'><i aria-hidden=\"true\" class=\"fas fa-plus\"><\/i><\/span>\n\t\t<\/span>\n\n\t\t\t\t\t\t<\/summary>\n\t\t\t\t<div role=\"region\" aria-labelledby=\"e-n-accordion-item-2083\" class=\"elementor-element elementor-element-d4fa00b e-flex e-con-boxed e-con e-child\" data-id=\"d4fa00b\" data-element_type=\"container\" data-e-type=\"container\">\n\t\t\t\t\t<div class=\"e-con-inner\">\n\t\t<div role=\"region\" aria-labelledby=\"e-n-accordion-item-2083\" class=\"elementor-element elementor-element-faa91fc e-con-full e-flex e-con e-child\" data-id=\"faa91fc\" data-element_type=\"container\" data-e-type=\"container\">\n\t\t\t\t<div class=\"elementor-element elementor-element-dc9e54c elementor-widget elementor-widget-image\" data-id=\"dc9e54c\" data-element_type=\"widget\" data-e-type=\"widget\" data-widget_type=\"image.default\">\n\t\t\t\t\t\t\t\t\t\t\t\t\t\t\t<img decoding=\"async\" width=\"2001\" height=\"1414\" src=\"https:\/\/logistica-universal.com\/wp-content\/uploads\/2025\/07\/contenedores-maritimos.webp\" class=\"attachment-full size-full wp-image-2485\" alt=\"\" srcset=\"https:\/\/logistica-universal.com\/wp-content\/uploads\/2025\/07\/contenedores-maritimos.webp 2001w, https:\/\/logistica-universal.com\/wp-content\/uploads\/2025\/07\/contenedores-maritimos-300x212.webp 300w, https:\/\/logistica-universal.com\/wp-content\/uploads\/2025\/07\/contenedores-maritimos-1024x724.webp 1024w, https:\/\/logistica-universal.com\/wp-content\/uploads\/2025\/07\/contenedores-maritimos-768x543.webp 768w, https:\/\/logistica-universal.com\/wp-content\/uploads\/2025\/07\/contenedores-maritimos-1536x1085.webp 1536w\" sizes=\"(max-width: 2001px) 100vw, 2001px\" \/>\t\t\t\t\t\t\t\t\t\t\t\t\t\t\t<\/div>\n\t\t\t\t<\/div>\n\t\t\t\t\t<\/div>\n\t\t\t\t<\/div>\n\t\t\t\t\t<\/details>\n\t\t\t\t\t<\/div>\n\t\t\t\t\t\t<\/div>\n\t\t\t\t\t<\/div>\n\t\t\t\t<\/div>\n\t\t\t\t<\/div>\n\t\t","protected":false},"excerpt":{"rendered":"<p>Herramientas para nuestros clientes Acced\u00e9 a recursos \u00fatiles para gestionar tus operaciones log\u00edsticas de forma m\u00e1s \u00e1gil y segura. Ver m\u00e1s D\u00f3lar Oficial [cda_dolar titulo=&#8221;D\u00f3lar U.S.A \u2013 Banco Naci\u00f3n (CDA)&#8221; cache=&#8221;15&#8243;] *Haciendo clic aqu\u00ed tambi\u00e9n puede chequear la cotizaci\u00f3n de divisas en Banco Naci\u00f3n D\u00f3lar A\u00e9reo y Mar\u00edtimo Consultar Contenedor A\u00e9reo Contenedor Mar\u00edtimo [cda_dolar titulo=&#8221;D\u00f3lar [&hellip;]<\/p>\n","protected":false},"author":1,"featured_media":0,"parent":0,"menu_order":0,"comment_status":"closed","ping_status":"closed","template":"elementor_header_footer","meta":{"footnotes":""},"class_list":["post-1507","page","type-page","status-publish","hentry"],"_links":{"self":[{"href":"https:\/\/logistica-universal.com\/en\/wp-json\/wp\/v2\/pages\/1507","targetHints":{"allow":["GET"]}}],"collection":[{"href":"https:\/\/logistica-universal.com\/en\/wp-json\/wp\/v2\/pages"}],"about":[{"href":"https:\/\/logistica-universal.com\/en\/wp-json\/wp\/v2\/types\/page"}],"author":[{"embeddable":true,"href":"https:\/\/logistica-universal.com\/en\/wp-json\/wp\/v2\/users\/1"}],"replies":[{"embeddable":true,"href":"https:\/\/logistica-universal.com\/en\/wp-json\/wp\/v2\/comments?post=1507"}],"version-history":[{"count":1,"href":"https:\/\/logistica-universal.com\/en\/wp-json\/wp\/v2\/pages\/1507\/revisions"}],"predecessor-version":[{"id":2694,"href":"https:\/\/logistica-universal.com\/en\/wp-json\/wp\/v2\/pages\/1507\/revisions\/2694"}],"wp:attachment":[{"href":"https:\/\/logistica-universal.com\/en\/wp-json\/wp\/v2\/media?parent=1507"}],"curies":[{"name":"wp","href":"https:\/\/api.w.org\/{rel}","templated":true}]}}