{"id":1854,"date":"2025-04-27T04:56:29","date_gmt":"2025-04-27T04:56:29","guid":{"rendered":"https:\/\/themexriver.com\/wp\/cargozen\/?page_id=7"},"modified":"2025-10-06T15:28:48","modified_gmt":"2025-10-06T15:28:48","slug":"nosotros","status":"publish","type":"page","link":"https:\/\/logistica-universal.com\/en\/nosotros\/","title":{"rendered":"About Us"},"content":{"rendered":"<div data-elementor-type=\"wp-page\" data-elementor-id=\"1854\" class=\"elementor elementor-1854\">\n\t\t\t\t<div class=\"elementor-element elementor-element-1800620 e-grid e-con-full e-con e-parent\" data-id=\"1800620\" data-element_type=\"container\" data-e-type=\"container\" data-settings=\"{&quot;background_background&quot;:&quot;classic&quot;}\">\n\t\t<div class=\"elementor-element elementor-element-c5024f3 e-con-full e-flex e-con e-child\" data-id=\"c5024f3\" data-element_type=\"container\" data-e-type=\"container\">\n\t\t\t\t<div class=\"elementor-element elementor-element-21b26c2 elementor-widget elementor-widget-elementskit-heading\" data-id=\"21b26c2\" data-element_type=\"widget\" data-e-type=\"widget\" data-widget_type=\"elementskit-heading.default\">\n\t\t\t\t\t<div class=\"ekit-wid-con\" ><div class=\"ekit-heading elementskit-section-title-wraper text_left   ekit_heading_tablet-   ekit_heading_mobile-\"><h2 class=\"ekit-heading--title elementskit-section-title\">A national company, with <span><span>international vision<\/span><\/span><\/h2><div class=\"ekit_heading_separetor_wraper ekit_heading_elementskit-border-divider ekit-dotted\"><div class=\"elementskit-border-divider ekit-dotted\"><\/div><\/div><h3 class=\"ekit-heading--subtitle elementskit-section-subtitle\">\n\t\t\t\t\t\tOver 20 years of experience providing comprehensive solutions in foreign trade, logistics, and customs clearance.\n\t\t\t\t\t<\/h3><\/div><\/div>\t\t\t\t<\/div>\n\t\t\t\t<div class=\"elementor-element elementor-element-7fedffe elementor-widget elementor-widget-button\" data-id=\"7fedffe\" data-element_type=\"widget\" data-e-type=\"widget\" data-widget_type=\"button.default\">\n\t\t\t\t\t\t\t\t\t\t<a class=\"elementor-button elementor-button-link elementor-size-sm\" href=\"#logistica-universal\">\n\t\t\t\t\t\t<span class=\"elementor-button-content-wrapper\">\n\t\t\t\t\t\t<span class=\"elementor-button-icon\">\n\t\t\t\t<i aria-hidden=\"true\" class=\"fas fa-chevron-right\"><\/i>\t\t\t<\/span>\n\t\t\t\t\t\t\t\t\t<span class=\"elementor-button-text\">Learn more<\/span>\n\t\t\t\t\t<\/span>\n\t\t\t\t\t<\/a>\n\t\t\t\t\t\t\t\t<\/div>\n\t\t\t\t<\/div>\n\t\t\t\t<\/div>\n\t\t\t\t<section class=\"elementor-section elementor-top-section elementor-element elementor-element-fbd9832 elementor-section-full_width elementor-section-height-default elementor-section-height-default\" data-id=\"fbd9832\" data-element_type=\"section\" data-e-type=\"section\">\n\t\t\t\t\t\t<div class=\"elementor-container elementor-column-gap-no\">\n\t\t\t\t\t<div class=\"elementor-column elementor-col-100 elementor-top-column elementor-element elementor-element-34e9148\" data-id=\"34e9148\" data-element_type=\"column\" data-e-type=\"column\">\n\t\t\t<div class=\"elementor-widget-wrap elementor-element-populated\">\n\t\t\t\t\t\t<div class=\"elementor-element elementor-element-5c54c12 elementor-widget elementor-widget-cargozen-why-choose\" data-id=\"5c54c12\" data-element_type=\"widget\" data-e-type=\"widget\" id=\"logistica-universal\" data-widget_type=\"cargozen-why-choose.default\">\n\t\t\t\t<div class=\"elementor-widget-container\">\n\t\t\t\t\t<div class=\"cg-wc3-content\">\n    <div class=\"cg-wc3-card\" data-background=\"https:\/\/themexriver.com\/wp\/cargozen\/wp-content\/uploads\/2025\/05\/card-bg.webp\">\n        <div class=\"cg-quote1-text pera-content\">\n            <div class=\"cg-sec-title headline\">\n                                    <div class=\"subtitle cg-sub-tilte cg-sub-anim\">\n                        Universal Logistics                    <\/div>\n                                <h1 class=\"elementor-gt-heading sec_title cg-sec-title cg-has-anim\">More than logistics: a network that connects your business to the world<\/h1>                                    <div class=\"elementor-gt-desc\"><p>Experience, support, and management tailored to your global operations.<\/p>\n<\/div>\n                            <\/div>\n                            <div class=\"cg-qt-cta mt-25 mb-35\">\n                    <a href=\"tel:+54 11 5273-9888\">\n                        <i aria-hidden=\"true\" class=\"fas fa-phone-alt\"><\/i>                        +54 11 5273-9888<\/a>\n                <\/div>\n                                        <p class=\"cg-qt-txt\">Consult with an advisor? <a href=\"tel:+541152739888\"> Click now<\/a><\/p>\n                    <\/div>\n    <\/div>\n    <div class=\"cg-wc3-card text ul-li-block position-relative\">\n                <span class=\"cg-wc3-trc right_view position-absolute\">\n            <img decoding=\"async\" src=\"https:\/\/logistica-universal.com\/wp-content\/uploads\/2025\/07\/transportes.jpg\" alt=\"\">\n        <\/span>\n                <div class=\"cg-sec-title headline pera-content\">\n                            <div class=\"subtitle cg-sub-tilte cg-sub-anim\">\n                    Safe transportation and logistics                <\/div>\n                        <h1 class=\"elementor-gt-heading sec_title cg-sec-title cg-has-anim\">Why choose us?<\/h1>                            <div class=\"elementor-gt-desc\"><p>Comprehensive international logistics solutions, with experience, a professional team, and global coverage.<br \/>\nWe coordinate every stage of the process: freight, insurance, customs, and exchange regulations.<\/p>\n<\/div>\n                    <\/div>\n                    <ul>\n                                    <li><i class=\"fa-solid fa-check\"><\/i> Solid track record<\/li>\n                                    <li><i class=\"fa-solid fa-check\"><\/i> Comprehensive coverage<\/li>\n                                    <li><i class=\"fa-solid fa-check\"><\/i> Professional team<\/li>\n                                    <li><i class=\"fa-solid fa-check\"><\/i> Global network<\/li>\n                            <\/ul>\n            <\/div>\n<\/div>\t\t\t\t<\/div>\n\t\t\t\t<\/div>\n\t\t\t\t\t<\/div>\n\t\t<\/div>\n\t\t\t\t\t<\/div>\n\t\t<\/section>\n\t\t\t\t<section class=\"elementor-section elementor-top-section elementor-element elementor-element-32631fa elementor-section-full_width elementor-section-height-default elementor-section-height-default\" data-id=\"32631fa\" data-element_type=\"section\" data-e-type=\"section\" data-settings=\"{&quot;background_background&quot;:&quot;classic&quot;}\">\n\t\t\t\t\t\t<div class=\"elementor-container elementor-column-gap-default\">\n\t\t\t\t\t<div class=\"elementor-column elementor-col-100 elementor-top-column elementor-element elementor-element-4c217cb\" data-id=\"4c217cb\" data-element_type=\"column\" data-e-type=\"column\">\n\t\t\t<div class=\"elementor-widget-wrap elementor-element-populated\">\n\t\t\t\t\t\t<div class=\"elementor-element elementor-element-8729adf elementor-widget__width-initial elementor-widget elementor-widget-go-s-heading\" data-id=\"8729adf\" data-element_type=\"widget\" data-e-type=\"widget\" data-widget_type=\"go-s-heading.default\">\n\t\t\t\t<div class=\"elementor-widget-container\">\n\t\t\t\t\t<div class=\"cg-sec-title prthalign headline\">\n            <div class=\"subtitle cg-sub-tilte cg-sub-anim\">\n            Global network        <\/div>\n    \n    <h3 class=\"elementor-gt-heading sec_title cg-sec-title cg-has-anim\">Members of international logistics networks such as Lognet, AACI and CLN.<\/h3>\n    <\/div>\n\t\t\t\t<\/div>\n\t\t\t\t<\/div>\n\t\t\t\t\t<\/div>\n\t\t<\/div>\n\t\t\t\t\t<\/div>\n\t\t<\/section>\n\t\t<div class=\"elementor-element elementor-element-b3110c1 e-grid e-con-boxed e-con e-parent\" data-id=\"b3110c1\" data-element_type=\"container\" data-e-type=\"container\" data-settings=\"{&quot;background_background&quot;:&quot;classic&quot;}\">\n\t\t\t\t\t<div class=\"e-con-inner\">\n\t\t\t\t<div class=\"elementor-element elementor-element-6803976 elementor-widget elementor-widget-image\" data-id=\"6803976\" data-element_type=\"widget\" data-e-type=\"widget\" data-widget_type=\"image.default\">\n\t\t\t\t\t\t\t\t\t\t\t\t\t\t\t\t<a href=\"http:\/\/www.lognetglobal.com\" target=\"_blank\">\n\t\t\t\t\t\t\t<img decoding=\"async\" width=\"196\" height=\"123\" src=\"https:\/\/logistica-universal.com\/wp-content\/uploads\/2025\/07\/lognet.png\" class=\"attachment-full size-full wp-image-2448\" alt=\"\" \/>\t\t\t\t\t\t\t\t<\/a>\n\t\t\t\t\t\t\t\t\t\t\t\t\t\t\t<\/div>\n\t\t\t\t<div class=\"elementor-element elementor-element-19607db elementor-widget elementor-widget-image\" data-id=\"19607db\" data-element_type=\"widget\" data-e-type=\"widget\" data-widget_type=\"image.default\">\n\t\t\t\t\t\t\t\t\t\t\t\t\t\t\t\t<a href=\"https:\/\/aaaci.org.ar\/\" target=\"_blank\">\n\t\t\t\t\t\t\t<img decoding=\"async\" width=\"118\" height=\"123\" src=\"https:\/\/logistica-universal.com\/wp-content\/uploads\/2025\/07\/aaaci.png\" class=\"attachment-full size-full wp-image-2449\" alt=\"\" \/>\t\t\t\t\t\t\t\t<\/a>\n\t\t\t\t\t\t\t\t\t\t\t\t\t\t\t<\/div>\n\t\t\t\t<div class=\"elementor-element elementor-element-537b0a5 elementor-widget elementor-widget-image\" data-id=\"537b0a5\" data-element_type=\"widget\" data-e-type=\"widget\" data-widget_type=\"image.default\">\n\t\t\t\t\t\t\t\t\t\t\t\t\t\t\t\t<a href=\"https:\/\/combinedlogisticsnetworks.com\/v\" target=\"_blank\">\n\t\t\t\t\t\t\t<img decoding=\"async\" width=\"183\" height=\"123\" src=\"https:\/\/logistica-universal.com\/wp-content\/uploads\/2025\/07\/combinedlogistic.png\" class=\"attachment-full size-full wp-image-2450\" alt=\"\" \/>\t\t\t\t\t\t\t\t<\/a>\n\t\t\t\t\t\t\t\t\t\t\t\t\t\t\t<\/div>\n\t\t\t\t\t<\/div>\n\t\t\t\t<\/div>\n\t\t<div class=\"elementor-element elementor-element-15e5c3e e-flex e-con-boxed e-con e-parent\" data-id=\"15e5c3e\" data-element_type=\"container\" data-e-type=\"container\" data-settings=\"{&quot;background_background&quot;:&quot;classic&quot;}\">\n\t\t\t\t\t<div class=\"e-con-inner\">\n\t\t\t\t<div class=\"elementor-element elementor-element-07e3bbd elementor-widget elementor-widget-heading\" data-id=\"07e3bbd\" data-element_type=\"widget\" data-e-type=\"widget\" data-widget_type=\"heading.default\">\n\t\t\t\t\t<h4 class=\"elementor-heading-title elementor-size-default\">Connected to the world's most important logistics networks.<\/h4>\t\t\t\t<\/div>\n\t\t\t\t\t<\/div>\n\t\t\t\t<\/div>\n\t\t<div class=\"elementor-element elementor-element-d8011bc e-flex e-con-boxed e-con e-parent\" data-id=\"d8011bc\" data-element_type=\"container\" data-e-type=\"container\" data-settings=\"{&quot;background_background&quot;:&quot;classic&quot;}\">\n\t\t\t\t\t<div class=\"e-con-inner\">\n\t\t\t\t<div class=\"elementor-element elementor-element-1c9285d elementor-widget elementor-widget-elementskit-heading\" data-id=\"1c9285d\" data-element_type=\"widget\" data-e-type=\"widget\" data-widget_type=\"elementskit-heading.default\">\n\t\t\t\t\t<div class=\"ekit-wid-con\" ><div class=\"ekit-heading elementskit-section-title-wraper text_center   ekit_heading_tablet-   ekit_heading_mobile-\"><h3 class=\"elementskit-section-subtitle\">\n\t\t\t\t\t\tDiscover how we can optimize your operation\n\t\t\t\t\t<\/h3><h2 class=\"ekit-heading--title elementskit-section-title\">Access to <span><span>world-class solutions<\/span><\/span><\/h2><div class=\"ekit_heading_separetor_wraper ekit_heading_elementskit-border-divider ekit-dotted\"><div class=\"elementskit-border-divider ekit-dotted\"><\/div><\/div><\/div><\/div>\t\t\t\t<\/div>\n\t\t\t\t<div class=\"elementor-element elementor-element-3968212 elementor-align-center elementor-widget elementor-widget-button\" data-id=\"3968212\" data-element_type=\"widget\" data-e-type=\"widget\" data-widget_type=\"button.default\">\n\t\t\t\t\t\t\t\t\t\t<a class=\"elementor-button elementor-button-link elementor-size-sm\" href=\"https:\/\/logistica-universal.com\/en\/servicios\/\">\n\t\t\t\t\t\t<span class=\"elementor-button-content-wrapper\">\n\t\t\t\t\t\t<span class=\"elementor-button-icon\">\n\t\t\t\t<i aria-hidden=\"true\" class=\"fas fa-chevron-right\"><\/i>\t\t\t<\/span>\n\t\t\t\t\t\t\t\t\t<span class=\"elementor-button-text\">View Services<\/span>\n\t\t\t\t\t<\/span>\n\t\t\t\t\t<\/a>\n\t\t\t\t\t\t\t\t<\/div>\n\t\t\t\t\t<\/div>\n\t\t\t\t<\/div>\n\t\t\t\t<\/div>","protected":false},"excerpt":{"rendered":"<p>Una empresa nacional, con mirada internacional M\u00e1s de 20 a\u00f1os brindando soluciones integrales en comercio exterior, log\u00edstica y despacho aduanero. Conoc\u00e9 m\u00e1s Log\u00edstica Universal M\u00e1s que log\u00edstica: una red que conecta tu negocio al mundo Experiencia, respaldo y gesti\u00f3n a medida para tus operaciones globales.. +54 11 5273-9888 \u00bfConsultar con un asesor? Haga clic ahora [&hellip;]<\/p>\n","protected":false},"author":1,"featured_media":0,"parent":0,"menu_order":0,"comment_status":"closed","ping_status":"closed","template":"elementor_header_footer","meta":{"footnotes":""},"class_list":["post-1854","page","type-page","status-publish","hentry"],"_links":{"self":[{"href":"https:\/\/logistica-universal.com\/en\/wp-json\/wp\/v2\/pages\/1854","targetHints":{"allow":["GET"]}}],"collection":[{"href":"https:\/\/logistica-universal.com\/en\/wp-json\/wp\/v2\/pages"}],"about":[{"href":"https:\/\/logistica-universal.com\/en\/wp-json\/wp\/v2\/types\/page"}],"author":[{"embeddable":true,"href":"https:\/\/logistica-universal.com\/en\/wp-json\/wp\/v2\/users\/1"}],"replies":[{"embeddable":true,"href":"https:\/\/logistica-universal.com\/en\/wp-json\/wp\/v2\/comments?post=1854"}],"version-history":[{"count":3,"href":"https:\/\/logistica-universal.com\/en\/wp-json\/wp\/v2\/pages\/1854\/revisions"}],"predecessor-version":[{"id":2720,"href":"https:\/\/logistica-universal.com\/en\/wp-json\/wp\/v2\/pages\/1854\/revisions\/2720"}],"wp:attachment":[{"href":"https:\/\/logistica-universal.com\/en\/wp-json\/wp\/v2\/media?parent=1854"}],"curies":[{"name":"wp","href":"https:\/\/api.w.org\/{rel}","templated":true}]}}